{"id":23768,"date":"2025-10-08T17:47:49","date_gmt":"2025-10-08T17:47:49","guid":{"rendered":"https:\/\/uwisely.com\/deja-abonne\/"},"modified":"2025-10-08T17:47:49","modified_gmt":"2025-10-08T17:47:49","slug":"deja-abonne","status":"publish","type":"page","link":"https:\/\/smartkidshub-demo.com\/fr\/deja-abonne\/","title":{"rendered":"D\u00e9j\u00e0 abonn\u00e9"},"content":{"rendered":"<p style=\"text-align: center;\">  <section class=\"uw-figma-login uw-figma-login--already\">\n    <div class=\"uw-figma-card\">\n      <div class=\"uw-figma-hero\">\n        <div class=\"uw-figma-hero-icon\" aria-hidden=\"true\">\n          <!-- lock icon -->\n          <svg width=\"75\" height=\"75\" viewBox=\"0 0 75 75\" fill=\"none\" xmlns=\"http:\/\/www.w3.org\/2000\/svg\">\n<path d=\"M37.5 53.125C40.9375 53.125 43.75 50.3125 43.75 46.875C43.75 43.4375 40.9375 40.625 37.5 40.625C34.0625 40.625 31.25 43.4375 31.25 46.875C31.25 50.3125 34.0625 53.125 37.5 53.125ZM56.25 25H53.125V18.75C53.125 10.125 46.125 3.125 37.5 3.125C28.875 3.125 21.875 10.125 21.875 18.75H27.8125C27.8125 13.4062 32.1562 9.0625 37.5 9.0625C42.8438 9.0625 47.1875 13.4062 47.1875 18.75V25H18.75C15.3125 25 12.5 27.8125 12.5 31.25V62.5C12.5 65.9375 15.3125 68.75 18.75 68.75H56.25C59.6875 68.75 62.5 65.9375 62.5 62.5V31.25C62.5 27.8125 59.6875 25 56.25 25ZM56.25 62.5H18.75V31.25H56.25V62.5Z\" fill=\"white\"\/>\n<\/svg>\n        <\/div>\n        <!-- T\u00edtulo grande de dos l\u00edneas -->\n        <h1 class=\"uw-already-title\">\n          You are already subscribed<br\/>\n          to our premium content\n        <\/h1>\n      <\/div>\n\n      <div class=\"uw-figma-form\" style=\"padding-top:22px\">\n        <p class=\"uw-already-sub\">\n          Click below to access the portal<br\/>and enjoy your benefits!\n        <\/p>\n\n        <a href=\"\/courses\"\n           target=\"_self\"\n           class=\"uw-figma-btn uw-figma-btn-primary uw-figma-btn-primary--wide uw-already-cta\">\n          Access <span class=\"uw-figma-btn-ico\" aria-hidden=\"true\">\u2192<\/span>\n        <\/a>\n      <\/div>\n    <\/div>\n  <\/section>\n  <\/p>\n","protected":false},"excerpt":{"rendered":"","protected":false},"author":1,"featured_media":0,"parent":0,"menu_order":0,"comment_status":"closed","ping_status":"closed","template":"","meta":{"footnotes":""},"class_list":["post-23768","page","type-page","status-publish","hentry"],"_links":{"self":[{"href":"https:\/\/smartkidshub-demo.com\/fr\/wp-json\/wp\/v2\/pages\/23768","targetHints":{"allow":["GET"]}}],"collection":[{"href":"https:\/\/smartkidshub-demo.com\/fr\/wp-json\/wp\/v2\/pages"}],"about":[{"href":"https:\/\/smartkidshub-demo.com\/fr\/wp-json\/wp\/v2\/types\/page"}],"author":[{"embeddable":true,"href":"https:\/\/smartkidshub-demo.com\/fr\/wp-json\/wp\/v2\/users\/1"}],"replies":[{"embeddable":true,"href":"https:\/\/smartkidshub-demo.com\/fr\/wp-json\/wp\/v2\/comments?post=23768"}],"version-history":[{"count":0,"href":"https:\/\/smartkidshub-demo.com\/fr\/wp-json\/wp\/v2\/pages\/23768\/revisions"}],"wp:attachment":[{"href":"https:\/\/smartkidshub-demo.com\/fr\/wp-json\/wp\/v2\/media?parent=23768"}],"curies":[{"name":"wp","href":"https:\/\/api.w.org\/{rel}","templated":true}]}}